{"id":68,"date":"2023-06-09T12:41:38","date_gmt":"2023-06-09T15:41:38","guid":{"rendered":"https:\/\/entrepegadas.org\/?page_id=68"},"modified":"2023-08-13T18:59:39","modified_gmt":"2023-08-13T21:59:39","slug":"sobre-nos","status":"publish","type":"page","link":"https:\/\/entrepegadas.org\/index.php\/sobre-nos\/","title":{"rendered":"Sobre N\u00f3s"},"content":{"rendered":"\t\t<div data-elementor-type=\"wp-page\" data-elementor-id=\"68\" class=\"elementor elementor-68\" data-elementor-post-type=\"page\">\n\t\t\t\t<div class=\"elementor-element elementor-element-f8771be elementor-hidden-widescreen elementor-hidden-desktop elementor-hidden-laptop elementor-hidden-tablet_extra e-flex e-con-boxed e-con e-parent\" data-id=\"f8771be\" data-element_type=\"container\" data-e-type=\"container\" data-settings=\"{&quot;jet_parallax_layout_list&quot;:[]}\">\n\t\t\t\t\t<div class=\"e-con-inner\">\n\t\t<div class=\"elementor-element elementor-element-c536a85 elementor-hidden-widescreen elementor-hidden-desktop elementor-hidden-laptop elementor-hidden-tablet_extra e-flex e-con-boxed e-con e-child\" data-id=\"c536a85\" data-element_type=\"container\" data-e-type=\"container\" data-settings=\"{&quot;jet_parallax_layout_list&quot;:[]}\">\n\t\t\t\t\t<div class=\"e-con-inner\">\n\t\t\t\t<div class=\"elementor-element elementor-element-536e5b0 elementor-widget__width-initial elementor-widget-mobile__width-initial elementor-widget elementor-widget-image\" data-id=\"536e5b0\" data-element_type=\"widget\" data-e-type=\"widget\" data-widget_type=\"image.default\">\n\t\t\t\t<div class=\"elementor-widget-container\">\n\t\t\t\t\t\t\t\t\t\t\t\t\t\t\t<img fetchpriority=\"high\" decoding=\"async\" width=\"219\" height=\"267\" src=\"https:\/\/entrepegadas.org\/wp-content\/uploads\/2023\/06\/logo-1.png\" class=\"attachment-large size-large wp-image-1443\" alt=\"\" \/>\t\t\t\t\t\t\t\t\t\t\t\t\t\t\t<\/div>\n\t\t\t\t<\/div>\n\t\t\t\t<div class=\"elementor-element elementor-element-fbdb76d elementor-nav-menu__align-center elementor-widget-mobile__width-initial elementor-nav-menu--stretch elementor-nav-menu__text-align-center elementor-nav-menu--dropdown-tablet elementor-nav-menu--toggle elementor-nav-menu--burger elementor-widget elementor-widget-nav-menu\" data-id=\"fbdb76d\" data-element_type=\"widget\" data-e-type=\"widget\" data-settings=\"{&quot;full_width&quot;:&quot;stretch&quot;,&quot;layout&quot;:&quot;horizontal&quot;,&quot;submenu_icon&quot;:{&quot;value&quot;:&quot;&lt;svg aria-hidden=\\&quot;true\\&quot; class=\\&quot;e-font-icon-svg e-fas-caret-down\\&quot; viewBox=\\&quot;0 0 320 512\\&quot; xmlns=\\&quot;http:\\\/\\\/www.w3.org\\\/2000\\\/svg\\&quot;&gt;&lt;path d=\\&quot;M31.3 192h257.3c17.8 0 26.7 21.5 14.1 34.1L174.1 354.8c-7.8 7.8-20.5 7.8-28.3 0L17.2 226.1C4.6 213.5 13.5 192 31.3 192z\\&quot;&gt;&lt;\\\/path&gt;&lt;\\\/svg&gt;&quot;,&quot;library&quot;:&quot;fa-solid&quot;},&quot;toggle&quot;:&quot;burger&quot;}\" data-widget_type=\"nav-menu.default\">\n\t\t\t\t<div class=\"elementor-widget-container\">\n\t\t\t\t\t\t\t\t<nav aria-label=\"Menu\" class=\"elementor-nav-menu--main elementor-nav-menu__container elementor-nav-menu--layout-horizontal e--pointer-underline e--animation-fade\">\n\t\t\t\t<ul id=\"menu-1-fbdb76d\" class=\"elementor-nav-menu\"><li class=\"menu-item menu-item-type-post_type menu-item-object-page menu-item-home menu-item-83\"><a href=\"https:\/\/entrepegadas.org\/\" class=\"elementor-item\">Home<\/a><\/li>\n<li class=\"menu-item menu-item-type-post_type menu-item-object-page menu-item-82\"><a href=\"https:\/\/entrepegadas.org\/index.php\/sobre-nos\/\" class=\"elementor-item\">Sobre N\u00f3s<\/a><\/li>\n<li class=\"menu-item menu-item-type-post_type menu-item-object-page menu-item-193\"><a href=\"https:\/\/entrepegadas.org\/index.php\/nossas-acoes\/\" class=\"elementor-item\">Nossas A\u00e7\u00f5es<\/a><\/li>\n<li class=\"menu-item menu-item-type-post_type menu-item-object-page menu-item-79\"><a href=\"https:\/\/entrepegadas.org\/index.php\/doacoes\/\" class=\"elementor-item\">Doa\u00e7\u00f5es<\/a><\/li>\n<li class=\"menu-item menu-item-type-post_type menu-item-object-page menu-item-2197\"><a href=\"https:\/\/entrepegadas.org\/index.php\/adote\/\" class=\"elementor-item\">Adote<\/a><\/li>\n<li class=\"menu-item menu-item-type-post_type menu-item-object-page menu-item-2317\"><a href=\"https:\/\/entrepegadas.org\/index.php\/apadrinhamento\/\" class=\"elementor-item\">Apadrinhamento<\/a><\/li>\n<li class=\"menu-item menu-item-type-post_type menu-item-object-page menu-item-386\"><a href=\"https:\/\/entrepegadas.org\/index.php\/denuncie\/\" class=\"elementor-item\">Denuncie<\/a><\/li>\n<\/ul>\t\t\t<\/nav>\n\t\t\t\t\t<div class=\"elementor-menu-toggle\" role=\"button\" tabindex=\"0\" aria-label=\"Menu Toggle\" aria-expanded=\"false\">\n\t\t\t<svg aria-hidden=\"true\" role=\"presentation\" class=\"elementor-menu-toggle__icon--open e-font-icon-svg e-eicon-menu-bar\" viewBox=\"0 0 1000 1000\" xmlns=\"http:\/\/www.w3.org\/2000\/svg\"><path d=\"M104 333H896C929 333 958 304 958 271S929 208 896 208H104C71 208 42 237 42 271S71 333 104 333ZM104 583H896C929 583 958 554 958 521S929 458 896 458H104C71 458 42 487 42 521S71 583 104 583ZM104 833H896C929 833 958 804 958 771S929 708 896 708H104C71 708 42 737 42 771S71 833 104 833Z\"><\/path><\/svg><svg aria-hidden=\"true\" role=\"presentation\" class=\"elementor-menu-toggle__icon--close e-font-icon-svg e-eicon-close\" viewBox=\"0 0 1000 1000\" xmlns=\"http:\/\/www.w3.org\/2000\/svg\"><path d=\"M742 167L500 408 258 167C246 154 233 150 217 150 196 150 179 158 167 167 154 179 150 196 150 212 150 229 154 242 171 254L408 500 167 742C138 771 138 800 167 829 196 858 225 858 254 829L496 587 738 829C750 842 767 846 783 846 800 846 817 842 829 829 842 817 846 804 846 783 846 767 842 750 829 737L588 500 833 258C863 229 863 200 833 171 804 137 775 137 742 167Z\"><\/path><\/svg>\t\t<\/div>\n\t\t\t\t\t<nav class=\"elementor-nav-menu--dropdown elementor-nav-menu__container\" aria-hidden=\"true\">\n\t\t\t\t<ul id=\"menu-2-fbdb76d\" class=\"elementor-nav-menu\"><li class=\"menu-item menu-item-type-post_type menu-item-object-page menu-item-home menu-item-83\"><a href=\"https:\/\/entrepegadas.org\/\" class=\"elementor-item\" tabindex=\"-1\">Home<\/a><\/li>\n<li class=\"menu-item menu-item-type-post_type menu-item-object-page menu-item-82\"><a href=\"https:\/\/entrepegadas.org\/index.php\/sobre-nos\/\" class=\"elementor-item\" tabindex=\"-1\">Sobre N\u00f3s<\/a><\/li>\n<li class=\"menu-item menu-item-type-post_type menu-item-object-page menu-item-193\"><a href=\"https:\/\/entrepegadas.org\/index.php\/nossas-acoes\/\" class=\"elementor-item\" tabindex=\"-1\">Nossas A\u00e7\u00f5es<\/a><\/li>\n<li class=\"menu-item menu-item-type-post_type menu-item-object-page menu-item-79\"><a href=\"https:\/\/entrepegadas.org\/index.php\/doacoes\/\" class=\"elementor-item\" tabindex=\"-1\">Doa\u00e7\u00f5es<\/a><\/li>\n<li class=\"menu-item menu-item-type-post_type menu-item-object-page menu-item-2197\"><a href=\"https:\/\/entrepegadas.org\/index.php\/adote\/\" class=\"elementor-item\" tabindex=\"-1\">Adote<\/a><\/li>\n<li class=\"menu-item menu-item-type-post_type menu-item-object-page menu-item-2317\"><a href=\"https:\/\/entrepegadas.org\/index.php\/apadrinhamento\/\" class=\"elementor-item\" tabindex=\"-1\">Apadrinhamento<\/a><\/li>\n<li class=\"menu-item menu-item-type-post_type menu-item-object-page menu-item-386\"><a href=\"https:\/\/entrepegadas.org\/index.php\/denuncie\/\" class=\"elementor-item\" tabindex=\"-1\">Denuncie<\/a><\/li>\n<\/ul>\t\t\t<\/nav>\n\t\t\t\t\t\t<\/div>\n\t\t\t\t<\/div>\n\t\t\t\t\t<\/div>\n\t\t\t\t<\/div>\n\t\t\t\t\t<\/div>\n\t\t\t\t<\/div>\n\t\t<div class=\"elementor-element elementor-element-35b781d e-con-full e-flex e-con e-parent\" data-id=\"35b781d\" data-element_type=\"container\" data-e-type=\"container\" data-settings=\"{&quot;background_background&quot;:&quot;classic&quot;,&quot;jet_parallax_layout_list&quot;:[]}\">\n\t\t\t\t<div class=\"elementor-element elementor-element-ff7f26e elementor-widget elementor-widget-heading\" data-id=\"ff7f26e\" data-element_type=\"widget\" data-e-type=\"widget\" data-widget_type=\"heading.default\">\n\t\t\t\t<div class=\"elementor-widget-container\">\n\t\t\t\t\t<h2 class=\"elementor-heading-title elementor-size-default\">Sobre n\u00f3s<\/h2>\t\t\t\t<\/div>\n\t\t\t\t<\/div>\n\t\t\t\t<\/div>\n\t\t<div class=\"elementor-element elementor-element-1e886c5 e-flex e-con-boxed e-con e-parent\" data-id=\"1e886c5\" data-element_type=\"container\" data-e-type=\"container\" data-settings=\"{&quot;jet_parallax_layout_list&quot;:[]}\">\n\t\t\t\t\t<div class=\"e-con-inner\">\n\t\t<div class=\"elementor-element elementor-element-3225ce8 e-con-full e-flex e-con e-child\" data-id=\"3225ce8\" data-element_type=\"container\" data-e-type=\"container\" data-settings=\"{&quot;jet_parallax_layout_list&quot;:[]}\">\n\t\t\t\t<div class=\"elementor-element elementor-element-b468c48 elementor-widget elementor-widget-heading\" data-id=\"b468c48\" data-element_type=\"widget\" data-e-type=\"widget\" data-widget_type=\"heading.default\">\n\t\t\t\t<div class=\"elementor-widget-container\">\n\t\t\t\t\t<h2 class=\"elementor-heading-title elementor-size-default\">Quem somos<\/h2>\t\t\t\t<\/div>\n\t\t\t\t<\/div>\n\t\t\t\t<div class=\"elementor-element elementor-element-e2b0753 elementor-widget elementor-widget-text-editor\" data-id=\"e2b0753\" data-element_type=\"widget\" data-e-type=\"widget\" data-widget_type=\"text-editor.default\">\n\t\t\t\t<div class=\"elementor-widget-container\">\n\t\t\t\t\t\t\t\t\t<p><span class=\"fontstyle0\">\u00a0 \u00a0 O Projeto Entre Pegadas \u2013 PEP iniciou suas atividades no ano de 2015. Seu objetivo \u00e9 disseminar boas pr\u00e1ticas no campo da prote\u00e7\u00e3o animal, relacionadas ao bem-estar dos animais (principalmente c\u00e3es e gatos), promovendo, principalmente, a conscientiza\u00e7\u00e3o sobre a necessidade da castra\u00e7\u00e3o e a posse respons\u00e1vel. Em sua composi\u00e7\u00e3o, o PEP \u00e9 integrado por pessoas de diferentes forma\u00e7\u00f5es, que j\u00e1 atuam h\u00e1 algum tempo em prol da causa animal, e que pertencem ao campo das ci\u00eancias exatas e sociais e profissionais liberais. Isso possibilita uma interdisciplinaridade atrav\u00e9s de diferentes olhares e uma percep\u00e7\u00e3o mais heterog\u00eanea das quest\u00f5es relacionadas \u00e0 prote\u00e7\u00e3o animal.<\/span><\/p><p><span class=\"fontstyle0\">\u00a0 \u00a0 Atualmente o\u00a0<\/span><span class=\"fontstyle0\">principal foco de atua\u00e7\u00e3o do Projeto s\u00e3o os animais em situa\u00e7\u00e3o de abandono no CEASA, no bairro do Iraj\u00e1 na cidade do Rio de Janeiro.<\/span><\/p><p>.<\/p>\t\t\t\t\t\t\t\t<\/div>\n\t\t\t\t<\/div>\n\t\t\t\t<div class=\"elementor-element elementor-element-cd3c047 elementor-widget elementor-widget-image\" data-id=\"cd3c047\" data-element_type=\"widget\" data-e-type=\"widget\" data-widget_type=\"image.default\">\n\t\t\t\t<div class=\"elementor-widget-container\">\n\t\t\t\t\t\t\t\t\t\t\t\t\t\t\t<img decoding=\"async\" width=\"800\" height=\"587\" src=\"https:\/\/entrepegadas.org\/wp-content\/uploads\/2023\/08\/Sem-nome-Post-para-Instagram-Quadrado-1080-\u00d7-1080-px-1080-\u00d7-792-px-1024x751.png\" class=\"attachment-large size-large wp-image-1724\" alt=\"\" srcset=\"https:\/\/entrepegadas.org\/wp-content\/uploads\/2023\/08\/Sem-nome-Post-para-Instagram-Quadrado-1080-\u00d7-1080-px-1080-\u00d7-792-px-1024x751.png 1024w, https:\/\/entrepegadas.org\/wp-content\/uploads\/2023\/08\/Sem-nome-Post-para-Instagram-Quadrado-1080-\u00d7-1080-px-1080-\u00d7-792-px-300x220.png 300w, https:\/\/entrepegadas.org\/wp-content\/uploads\/2023\/08\/Sem-nome-Post-para-Instagram-Quadrado-1080-\u00d7-1080-px-1080-\u00d7-792-px-768x563.png 768w, https:\/\/entrepegadas.org\/wp-content\/uploads\/2023\/08\/Sem-nome-Post-para-Instagram-Quadrado-1080-\u00d7-1080-px-1080-\u00d7-792-px.png 1080w\" sizes=\"(max-width: 800px) 100vw, 800px\" \/>\t\t\t\t\t\t\t\t\t\t\t\t\t\t\t<\/div>\n\t\t\t\t<\/div>\n\t\t\t\t<\/div>\n\t\t<div class=\"elementor-element elementor-element-6c81268 e-con-full e-flex e-con e-child\" data-id=\"6c81268\" data-element_type=\"container\" data-e-type=\"container\" data-settings=\"{&quot;jet_parallax_layout_list&quot;:[]}\">\n\t\t\t\t<div class=\"elementor-element elementor-element-2392b54 elementor-widget elementor-widget-heading\" data-id=\"2392b54\" data-element_type=\"widget\" data-e-type=\"widget\" data-widget_type=\"heading.default\">\n\t\t\t\t<div class=\"elementor-widget-container\">\n\t\t\t\t\t<h2 class=\"elementor-heading-title elementor-size-default\">Como fazemos<\/h2>\t\t\t\t<\/div>\n\t\t\t\t<\/div>\n\t\t\t\t<div class=\"elementor-element elementor-element-3efe306 elementor-widget elementor-widget-text-editor\" data-id=\"3efe306\" data-element_type=\"widget\" data-e-type=\"widget\" data-widget_type=\"text-editor.default\">\n\t\t\t\t<div class=\"elementor-widget-container\">\n\t\t\t\t\t\t\t\t\t<p><span class=\"fontstyle0\">\u00a0 \u00a0\u00a0<\/span><span style=\"text-align: var(--text-align);\">O Entre Pegadas iniciou suas atividades em maio de 2015, com objetivo de desenvolver a\u00e7\u00f5es de boas pr\u00e1ticas direcionadas \u00e0 causa animal, promovendo, principalmente, a conscientiza\u00e7\u00e3o sobre a necessidade da castra\u00e7\u00e3o e a posse respons\u00e1vel.<\/span><\/p><p><span style=\"text-align: var(--text-align);\">\u00a0 \u00a0 A partir de 2016 iniciamos um trabalho mais focado no CEASA-RJ e, desde ent\u00e3o, j\u00e1 s\u00e3o quase 1500 animais adotados e mais de duas mil castra\u00e7\u00f5es com o objetivo principal de realizar o controle populacional em col\u00f4nias. A doa\u00e7\u00e3o de qualquer valor para n\u00f3s \u00e9 importante para custear a alimenta\u00e7\u00e3o de mais de 100 c\u00e3es e gatos abrigados, as castra\u00e7\u00f5es de c\u00e3es e gatos, o transporte para campanhas e idas \u00e0 cl\u00ednicas veterin\u00e1rias quando necess\u00e1rio, o pagamento dos cuidadores do espa\u00e7o, o material de limpeza para o abrigo, areia higi\u00eanica e testes de Fiv\/Felv para gatos, o hemograma dos c\u00e3ezinhos, material de curativo, medicamentos para o preparo b\u00e1sico, tais como: antiparasit\u00e1rios, verm\u00edfugos e suplementos. Abrigos e protetores de animais fazem este trabalho sem receber nenhuma ajuda do Estado. Na nossa p\u00e1gina est\u00e3o compartilhados diversos finais felizes de um trabalho que s\u00f3 foi poss\u00edvel gra\u00e7as a doa\u00e7\u00e3o de cada pessoa que acompanha a nossa p\u00e1gina e acredita no nosso trabalho. Somos um abrigo de portas abertas, onde a visita\u00e7\u00e3o aos nossos ceasinhas \u00e9 poss\u00edvel, bastando apenas agendar com um volunt\u00e1rio. Para conhecer mais segue a gente no Instagram @entre_pegadas<\/span><span style=\"color: var( --e-global-color-text ); font-family: var( --e-global-typography-text-font-family ), Sans-serif; font-weight: var( --e-global-typography-text-font-weight ); text-align: var(--text-align); font-size: 1rem;\">.<\/span><\/p><p>.<\/p>\t\t\t\t\t\t\t\t<\/div>\n\t\t\t\t<\/div>\n\t\t\t\t<\/div>\n\t\t\t\t\t<\/div>\n\t\t\t\t<\/div>\n\t\t<div class=\"elementor-element elementor-element-89fa490 e-con-full e-flex e-con e-parent\" data-id=\"89fa490\" data-element_type=\"container\" data-e-type=\"container\" data-settings=\"{&quot;jet_parallax_layout_list&quot;:[{&quot;_id&quot;:&quot;91c5dd6&quot;,&quot;jet_parallax_layout_image&quot;:{&quot;url&quot;:&quot;&quot;,&quot;id&quot;:&quot;&quot;,&quot;size&quot;:&quot;&quot;},&quot;jet_parallax_layout_image_widescreen&quot;:{&quot;url&quot;:&quot;&quot;,&quot;id&quot;:&quot;&quot;,&quot;size&quot;:&quot;&quot;},&quot;jet_parallax_layout_image_laptop&quot;:{&quot;url&quot;:&quot;&quot;,&quot;id&quot;:&quot;&quot;,&quot;size&quot;:&quot;&quot;},&quot;jet_parallax_layout_image_tablet_extra&quot;:{&quot;url&quot;:&quot;&quot;,&quot;id&quot;:&quot;&quot;,&quot;size&quot;:&quot;&quot;},&quot;jet_parallax_layout_image_tablet&quot;:{&quot;url&quot;:&quot;&quot;,&quot;id&quot;:&quot;&quot;,&quot;size&quot;:&quot;&quot;},&quot;jet_parallax_layout_image_mobile_extra&quot;:{&quot;url&quot;:&quot;&quot;,&quot;id&quot;:&quot;&quot;,&quot;size&quot;:&quot;&quot;},&quot;jet_parallax_layout_image_mobile&quot;:{&quot;url&quot;:&quot;&quot;,&quot;id&quot;:&quot;&quot;,&quot;size&quot;:&quot;&quot;},&quot;jet_parallax_layout_speed&quot;:{&quot;unit&quot;:&quot;%&quot;,&quot;size&quot;:50,&quot;sizes&quot;:[]},&quot;jet_parallax_layout_type&quot;:&quot;scroll&quot;,&quot;jet_parallax_layout_direction&quot;:&quot;1&quot;,&quot;jet_parallax_layout_fx_direction&quot;:null,&quot;jet_parallax_layout_z_index&quot;:&quot;&quot;,&quot;jet_parallax_layout_bg_x&quot;:50,&quot;jet_parallax_layout_bg_x_widescreen&quot;:&quot;&quot;,&quot;jet_parallax_layout_bg_x_laptop&quot;:&quot;&quot;,&quot;jet_parallax_layout_bg_x_tablet_extra&quot;:&quot;&quot;,&quot;jet_parallax_layout_bg_x_tablet&quot;:&quot;&quot;,&quot;jet_parallax_layout_bg_x_mobile_extra&quot;:&quot;&quot;,&quot;jet_parallax_layout_bg_x_mobile&quot;:&quot;&quot;,&quot;jet_parallax_layout_bg_y&quot;:50,&quot;jet_parallax_layout_bg_y_widescreen&quot;:&quot;&quot;,&quot;jet_parallax_layout_bg_y_laptop&quot;:&quot;&quot;,&quot;jet_parallax_layout_bg_y_tablet_extra&quot;:&quot;&quot;,&quot;jet_parallax_layout_bg_y_tablet&quot;:&quot;&quot;,&quot;jet_parallax_layout_bg_y_mobile_extra&quot;:&quot;&quot;,&quot;jet_parallax_layout_bg_y_mobile&quot;:&quot;&quot;,&quot;jet_parallax_layout_bg_size&quot;:&quot;auto&quot;,&quot;jet_parallax_layout_bg_size_widescreen&quot;:&quot;&quot;,&quot;jet_parallax_layout_bg_size_laptop&quot;:&quot;&quot;,&quot;jet_parallax_layout_bg_size_tablet_extra&quot;:&quot;&quot;,&quot;jet_parallax_layout_bg_size_tablet&quot;:&quot;&quot;,&quot;jet_parallax_layout_bg_size_mobile_extra&quot;:&quot;&quot;,&quot;jet_parallax_layout_bg_size_mobile&quot;:&quot;&quot;,&quot;jet_parallax_layout_animation_prop&quot;:&quot;transform&quot;,&quot;jet_parallax_layout_on&quot;:[&quot;desktop&quot;,&quot;tablet&quot;]}]}\">\n\t\t<div class=\"elementor-element elementor-element-e390b19 e-con-full e-flex e-con e-child\" data-id=\"e390b19\" data-element_type=\"container\" data-e-type=\"container\" data-settings=\"{&quot;jet_parallax_layout_list&quot;:[]}\">\n\t\t\t\t<div class=\"elementor-element elementor-element-6a1abc0 elementor-widget elementor-widget-heading\" data-id=\"6a1abc0\" data-element_type=\"widget\" data-e-type=\"widget\" data-widget_type=\"heading.default\">\n\t\t\t\t<div class=\"elementor-widget-container\">\n\t\t\t\t\t<h2 class=\"elementor-heading-title elementor-size-default\">Nossa Miss\u00e3o<\/h2>\t\t\t\t<\/div>\n\t\t\t\t<\/div>\n\t\t\t\t<div class=\"elementor-element elementor-element-e74ca1c elementor-widget elementor-widget-text-editor\" data-id=\"e74ca1c\" data-element_type=\"widget\" data-e-type=\"widget\" data-widget_type=\"text-editor.default\">\n\t\t\t\t<div class=\"elementor-widget-container\">\n\t\t\t\t\t\t\t\t\t<p><span class=\"fontstyle0\">Ser reconhecidamente um grupo de apoio \u00e0 prote\u00e7\u00e3o da causa animal, que visa realizar projetos, a\u00e7\u00f5es e campanhas de cunho educativo e de ordem pr\u00e1tica, que ajudem a dirimir o sofrimento e o descaso com os animais que vivem, tanto no contexto urbano como no ambiente silvestre<\/span> <\/p>\t\t\t\t\t\t\t\t<\/div>\n\t\t\t\t<\/div>\n\t\t\t\t<div class=\"elementor-element elementor-element-c24f642 elementor-widget elementor-widget-heading\" data-id=\"c24f642\" data-element_type=\"widget\" data-e-type=\"widget\" data-widget_type=\"heading.default\">\n\t\t\t\t<div class=\"elementor-widget-container\">\n\t\t\t\t\t<h2 class=\"elementor-heading-title elementor-size-default\">Nossos Valores<\/h2>\t\t\t\t<\/div>\n\t\t\t\t<\/div>\n\t\t\t\t<div class=\"elementor-element elementor-element-a3dc3d4 elementor-align-start elementor-list-item-link-full_width elementor-widget elementor-widget-icon-list\" data-id=\"a3dc3d4\" data-element_type=\"widget\" data-e-type=\"widget\" data-widget_type=\"icon-list.default\">\n\t\t\t\t<div class=\"elementor-widget-container\">\n\t\t\t\t\t\t\t<ul class=\"elementor-icon-list-items\">\n\t\t\t\t\t\t\t<li class=\"elementor-icon-list-item\">\n\t\t\t\t\t\t\t\t\t\t\t<span class=\"elementor-icon-list-icon\">\n\t\t\t\t\t\t\t<svg aria-hidden=\"true\" class=\"e-font-icon-svg e-fas-check\" viewBox=\"0 0 512 512\" xmlns=\"http:\/\/www.w3.org\/2000\/svg\"><path d=\"M173.898 439.404l-166.4-166.4c-9.997-9.997-9.997-26.206 0-36.204l36.203-36.204c9.997-9.998 26.207-9.998 36.204 0L192 312.69 432.095 72.596c9.997-9.997 26.207-9.997 36.204 0l36.203 36.204c9.997 9.997 9.997 26.206 0 36.204l-294.4 294.401c-9.998 9.997-26.207 9.997-36.204-.001z\"><\/path><\/svg>\t\t\t\t\t\t<\/span>\n\t\t\t\t\t\t\t\t\t\t<span class=\"elementor-icon-list-text\">Respeito \u00e0 natureza e \u00e1 sua diversidade<\/span>\n\t\t\t\t\t\t\t\t\t<\/li>\n\t\t\t\t\t\t\t\t<li class=\"elementor-icon-list-item\">\n\t\t\t\t\t\t\t\t\t\t\t<span class=\"elementor-icon-list-icon\">\n\t\t\t\t\t\t\t<svg aria-hidden=\"true\" class=\"e-font-icon-svg e-fas-check\" viewBox=\"0 0 512 512\" xmlns=\"http:\/\/www.w3.org\/2000\/svg\"><path d=\"M173.898 439.404l-166.4-166.4c-9.997-9.997-9.997-26.206 0-36.204l36.203-36.204c9.997-9.998 26.207-9.998 36.204 0L192 312.69 432.095 72.596c9.997-9.997 26.207-9.997 36.204 0l36.203 36.204c9.997 9.997 9.997 26.206 0 36.204l-294.4 294.401c-9.998 9.997-26.207 9.997-36.204-.001z\"><\/path><\/svg>\t\t\t\t\t\t<\/span>\n\t\t\t\t\t\t\t\t\t\t<span class=\"elementor-icon-list-text\">Conscientiza\u00e7\u00e3o ambiental<\/span>\n\t\t\t\t\t\t\t\t\t<\/li>\n\t\t\t\t\t\t\t\t<li class=\"elementor-icon-list-item\">\n\t\t\t\t\t\t\t\t\t\t\t<span class=\"elementor-icon-list-icon\">\n\t\t\t\t\t\t\t<svg aria-hidden=\"true\" class=\"e-font-icon-svg e-fas-check\" viewBox=\"0 0 512 512\" xmlns=\"http:\/\/www.w3.org\/2000\/svg\"><path d=\"M173.898 439.404l-166.4-166.4c-9.997-9.997-9.997-26.206 0-36.204l36.203-36.204c9.997-9.998 26.207-9.998 36.204 0L192 312.69 432.095 72.596c9.997-9.997 26.207-9.997 36.204 0l36.203 36.204c9.997 9.997 9.997 26.206 0 36.204l-294.4 294.401c-9.998 9.997-26.207 9.997-36.204-.001z\"><\/path><\/svg>\t\t\t\t\t\t<\/span>\n\t\t\t\t\t\t\t\t\t\t<span class=\"elementor-icon-list-text\">Comprometimento com a causa animal<\/span>\n\t\t\t\t\t\t\t\t\t<\/li>\n\t\t\t\t\t\t<\/ul>\n\t\t\t\t\t\t<\/div>\n\t\t\t\t<\/div>\n\t\t\t\t<\/div>\n\t\t<div class=\"elementor-element elementor-element-33c8ecb e-con-full e-flex e-con e-child\" data-id=\"33c8ecb\" data-element_type=\"container\" data-e-type=\"container\" data-settings=\"{&quot;jet_parallax_layout_list&quot;:[]}\">\n\t\t\t\t<div class=\"elementor-element elementor-element-afd1880 elementor-widget elementor-widget-image\" data-id=\"afd1880\" data-element_type=\"widget\" data-e-type=\"widget\" data-widget_type=\"image.default\">\n\t\t\t\t<div class=\"elementor-widget-container\">\n\t\t\t\t\t\t\t\t\t\t\t\t\t\t\t<img decoding=\"async\" width=\"513\" height=\"792\" src=\"https:\/\/entrepegadas.org\/wp-content\/uploads\/2023\/08\/Sem-nome-Post-para-Instagram-Quadrado-1080-\u00d7-1080-px-1080-\u00d7-792-px-513-\u00d7-792-px.png\" class=\"attachment-large size-large wp-image-1729\" alt=\"\" srcset=\"https:\/\/entrepegadas.org\/wp-content\/uploads\/2023\/08\/Sem-nome-Post-para-Instagram-Quadrado-1080-\u00d7-1080-px-1080-\u00d7-792-px-513-\u00d7-792-px.png 513w, https:\/\/entrepegadas.org\/wp-content\/uploads\/2023\/08\/Sem-nome-Post-para-Instagram-Quadrado-1080-\u00d7-1080-px-1080-\u00d7-792-px-513-\u00d7-792-px-194x300.png 194w\" sizes=\"(max-width: 513px) 100vw, 513px\" \/>\t\t\t\t\t\t\t\t\t\t\t\t\t\t\t<\/div>\n\t\t\t\t<\/div>\n\t\t\t\t<\/div>\n\t\t\t\t<\/div>\n\t\t\t\t<\/div>\n\t\t","protected":false},"excerpt":{"rendered":"<p>Sobre n\u00f3s Quem somos \u00a0 \u00a0 O Projeto Entre Pegadas \u2013 PEP iniciou suas atividades no ano de 2015. Seu objetivo \u00e9 disseminar boas pr\u00e1ticas no campo da prote\u00e7\u00e3o animal, relacionadas ao bem-estar dos animais (principalmente c\u00e3es e gatos), promovendo, principalmente, a conscientiza\u00e7\u00e3o sobre a necessidade da castra\u00e7\u00e3o e a posse respons\u00e1vel. Em sua composi\u00e7\u00e3o, [&hellip;]<\/p>\n","protected":false},"author":3,"featured_media":0,"parent":0,"menu_order":0,"comment_status":"closed","ping_status":"closed","template":"elementor_header_footer","meta":{"footnotes":""},"class_list":["post-68","page","type-page","status-publish","hentry"],"_links":{"self":[{"href":"https:\/\/entrepegadas.org\/index.php\/wp-json\/wp\/v2\/pages\/68","targetHints":{"allow":["GET"]}}],"collection":[{"href":"https:\/\/entrepegadas.org\/index.php\/wp-json\/wp\/v2\/pages"}],"about":[{"href":"https:\/\/entrepegadas.org\/index.php\/wp-json\/wp\/v2\/types\/page"}],"author":[{"embeddable":true,"href":"https:\/\/entrepegadas.org\/index.php\/wp-json\/wp\/v2\/users\/3"}],"replies":[{"embeddable":true,"href":"https:\/\/entrepegadas.org\/index.php\/wp-json\/wp\/v2\/comments?post=68"}],"version-history":[{"count":181,"href":"https:\/\/entrepegadas.org\/index.php\/wp-json\/wp\/v2\/pages\/68\/revisions"}],"predecessor-version":[{"id":2387,"href":"https:\/\/entrepegadas.org\/index.php\/wp-json\/wp\/v2\/pages\/68\/revisions\/2387"}],"wp:attachment":[{"href":"https:\/\/entrepegadas.org\/index.php\/wp-json\/wp\/v2\/media?parent=68"}],"curies":[{"name":"wp","href":"https:\/\/api.w.org\/{rel}","templated":true}]}}